{"id":4082,"date":"2022-08-22T09:48:00","date_gmt":"2022-08-22T12:48:00","guid":{"rendered":"https:\/\/camaramatoleitao-rs.com.br\/novo\/?page_id=4082"},"modified":"2022-08-22T16:06:33","modified_gmt":"2022-08-22T19:06:33","slug":"atas-sessao-ordinaria","status":"publish","type":"page","link":"https:\/\/camaramatoleitao-rs.com.br\/novo\/atas-sessao-ordinaria\/","title":{"rendered":"Atas Sess\u00e3o Ordin\u00e1ria"},"content":{"rendered":"\n<div class=\"wp-container-1 wp-block-group\"><div class=\"wp-block-group__inner-container\"><\/div><\/div>\n\n\n\n<div class=\"wp-block-file\"><a id=\"wp-block-file--media-87c160a4-f31a-4456-8a7c-20112a21970a\" href=\"https:\/\/camaramatoleitao-rs.com.br\/novo\/wp-content\/uploads\/2022\/08\/Ata-202022-2.doc\">Ata 202022<\/a><a href=\"https:\/\/camaramatoleitao-rs.com.br\/novo\/wp-content\/uploads\/2022\/08\/Ata-202022-2.doc\" class=\"wp-block-file__button\" download aria-describedby=\"wp-block-file--media-87c160a4-f31a-4456-8a7c-20112a21970a\">Baixar<\/a><\/div>\n","protected":false},"excerpt":{"rendered":"<p>Ao dar in\u00edcio aos trabalhos, o senhor Presidente acusou o recebimento da \u201cComunica\u00e7\u00e3o de Decis\u00e3o\u201d, anexo \u00e0 presente Ata, datado de 05\/07\/2022, emitido junto a  Ag\u00eancia do Instituto Nacional de Previd\u00eancia Social \u2013 INSS, Ven\u00e2ncio Aires, Deferido pela Mesa em 05\/07\/2022, ao  Vereador GUSTAVO KIST MALDANER, da bancada do Partido do Movimento Democr\u00e1tico Brasileiro \u2013 MDB. Prorroga\u00e7\u00e3o de Benef\u00edcio por Incapacidade concedido at\u00e9 04\/01\/2023. De imediato, o Vereador Luciano Andr\u00e9 Vargas, Presidente desta Casa, procedeu ao ato de investidura dos Vereadores Jair Bogorni, 2\u00aa Suplente da Bancada do Partido do Movimento Democr\u00e1tico Brasileiro \u2013 MDB, e,  senhor Jos\u00e9 Valdir de Freitas, 3\u00ba Suplente da Bancada do Partido Democr\u00e1tico Trabalhista \u2013 PDT, convidando-os para se dirigirem at\u00e9 a Mesa Diretora objetivando prosseguir com o ato de suas posses.<br \/>\nDando continuidade, foi apreciado o Projeto de Lei N\u00ba 057\/2022, epigrafado no item \u201c1\u00ba.a\u201d no Expediente desta sess\u00e3o. Discuss\u00e3o: sem manifesta\u00e7\u00e3o. Vota\u00e7\u00e3o: Aprovado por unanimidade. Na seq\u00fc\u00eancia, oportunizou a todos um espa\u00e7o para \u201cexplica\u00e7\u00f5es pessoais\u201d, nos termos do Art. 90, Inciso XI, do Novo Regimento Interno (XI \u2013 Explica\u00e7\u00f5es Pessoais, para que o Vereador fa\u00e7a convites e agradecimentos sem discursos). Na oportunidade, o Vereador Rony manifestou-se dizendo: quero aproveitar a oportunidade e desejar as boas-vindas aos colegas vereadores, Jair e Jos\u00e9 Valdir, e tamb\u00e9m parabenizar o Presidente da C\u00e2mara e sua esposa,  pelo nascimento do seu filho, ocorrido no dia 29 de junho. Desejo muita sa\u00fade e felicidades \u00e0 fam\u00edlia. Na oportunidade, o senhor Presidente agradeceu ao colega pelo dito, tamb\u00e9m fico muito contente e vai dar tudo certo; com muita sa\u00fade que \u00e9 o mais importante. Nada mais havendo a ser tratado, convidou a todos para se fazerem presentes na pr\u00f3xima Sess\u00e3o Ordin\u00e1ria a ser realizada no dia 12 de julho com in\u00edcio no hor\u00e1rio das 19:00hs.<\/p>\n","protected":false},"author":3,"featured_media":4210,"parent":0,"menu_order":0,"comment_status":"closed","ping_status":"closed","template":"pagina-atasessaoordinaria.php","meta":[],"acf":[],"_links":{"self":[{"href":"https:\/\/camaramatoleitao-rs.com.br\/novo\/wp-json\/wp\/v2\/pages\/4082"}],"collection":[{"href":"https:\/\/camaramatoleitao-rs.com.br\/novo\/wp-json\/wp\/v2\/pages"}],"about":[{"href":"https:\/\/camaramatoleitao-rs.com.br\/novo\/wp-json\/wp\/v2\/types\/page"}],"author":[{"embeddable":true,"href":"https:\/\/camaramatoleitao-rs.com.br\/novo\/wp-json\/wp\/v2\/users\/3"}],"replies":[{"embeddable":true,"href":"https:\/\/camaramatoleitao-rs.com.br\/novo\/wp-json\/wp\/v2\/comments?post=4082"}],"version-history":[{"count":5,"href":"https:\/\/camaramatoleitao-rs.com.br\/novo\/wp-json\/wp\/v2\/pages\/4082\/revisions"}],"predecessor-version":[{"id":4221,"href":"https:\/\/camaramatoleitao-rs.com.br\/novo\/wp-json\/wp\/v2\/pages\/4082\/revisions\/4221"}],"wp:featuredmedia":[{"embeddable":true,"href":"https:\/\/camaramatoleitao-rs.com.br\/novo\/wp-json\/wp\/v2\/media\/4210"}],"wp:attachment":[{"href":"https:\/\/camaramatoleitao-rs.com.br\/novo\/wp-json\/wp\/v2\/media?parent=4082"}],"curies":[{"name":"wp","href":"https:\/\/api.w.org\/{rel}","templated":true}]}}